{"id":16198,"date":"2025-04-07T11:49:13","date_gmt":"2025-04-07T11:49:13","guid":{"rendered":"https:\/\/test.giadahotel.com\/galleria-fotografica-hotel-city-4-stelle-montesilvano-abruzzo\/"},"modified":"2026-02-23T11:16:07","modified_gmt":"2026-02-23T11:16:07","slug":"galerie-photos-hotel-city-4-etoiles-montesilvano-abruzzes","status":"publish","type":"page","link":"https:\/\/test.giadahotel.com\/fr\/galerie-photos-hotel-city-4-etoiles-montesilvano-abruzzes\/","title":{"rendered":"Galerie"},"content":{"rendered":"<div class=\"wpb-content-wrapper\"><p>[vc_row full_width=&#8221;stretch_row&#8221; content_placement=&#8221;middle&#8221; css=&#8221;.vc_custom_1538744986156{margin-bottom: 30px !important;background-color: #f8f8f8 !important;}&#8221;][vc_column el_class=&#8221;milenia-color&#8211;black&#8221;][vc_empty_space height=&#8221;50px&#8221;]<!--================ Section Heading ================-->\n<script>\n    (function($){\n        'use strict';\n\n        if(!$) return;\n\n        $(function(){\n            if(window.appear) {\n                appear({\n                    elements: function(){\n                        return document.querySelectorAll('#vc-milenia-section-heading-8eae24864c565415ff7e8ef6bab2877f-17756959432073419177');\n                    },\n                    appear: function(element) {\n                        var $el = $(element);\n                        $el.addClass('milenia-visible').addClass($el.data('animation'));\n                    },\n                    reappear: false,\n                    bounds: -200\n                });\n            }\n        });\n    })(window.jQuery);\n<\/script>\n<div id=\"vc-milenia-section-heading-8eae24864c565415ff7e8ef6bab2877f-17756959432073419177\" class=\"milenia-section-heading text-center vc_custom_1771845308573 milenia-visible\" data-animation=\"none\">\n    \n    <h2 class=\"milenia-section-title milenia-font--first-accented\" style=\"font-size: 50px;line-height: 43px;text-transform: none;font-style: normal;font-weight: 400;\">Galerie<\/h2>\n\n    \n<\/div>\n<!--================ End of Section Heading ================-->\n[vc_empty_space][vc_column_text css=&#8221;&#8221;]<\/p>\n<div class=\"Y3BBE\" style=\"text-align: center;\" data-sfc-cp=\"\" data-hveid=\"CAEIEBAA\" data-processed=\"true\">D\u00e9couvrez l\u2019H\u00f4tel City Montesilvano \u00e0 travers une galerie d\u2019images qui illustrent l\u2019\u00e9l\u00e9gance, le confort et l\u2019accueil de notre \u00e9tablissement.<button class=\"rBl3me\" tabindex=\"0\" data-amic=\"true\" data-icl-uuid=\"b3b95338-190f-4db4-a9ac-6c9ffeae3849\" aria-label=\"Visualizza link correlati\" data-wiz-attrbind=\"disabled=ojvXSd_24\/C5gNJc;aria-label=ojvXSd_24\/bOjMyf;class=ojvXSd_24\/UpSNec\" data-ved=\"2ahUKEwijmNKHve-SAxXC0AIHHWmsC8EQye0OegYIAQgQEAE\"><\/button><\/div>\n<p style=\"text-align: center;\">Laissez-vous inspirer par notre atmosph\u00e8re et commencez \u00e0 imaginer vos prochaines vacances ou votre prochain voyage d&#8217;affaires.<\/p>\n<p>[\/vc_column_text][vc_empty_space][vc_raw_html css=&#8221;&#8221;]JTVCZm9vZ2FsbGVyeSUyMGlkJTNEJTIyMTYwMjUlMjIlNUQ=[\/vc_raw_html][\/vc_column][\/vc_row]<\/p>\n<\/div>","protected":false},"excerpt":{"rendered":"<p>[vc_row full_width=&#8221;stretch_row&#8221; content_placement=&#8221;middle&#8221; css=&#8221;.vc_custom_1538744986156{margin-bottom: 30px !important;background-color: #f8f8f8 !important;}&#8221;][vc_column el_class=&#8221;milenia-color&#8211;black&#8221;][vc_empty_space height=&#8221;50px&#8221;][vc_empty_space][vc_column_text css=&#8221;&#8221;] D\u00e9couvrez l\u2019H\u00f4tel City Montesilvano \u00e0 travers une&#8230;<\/p>\n","protected":false},"author":2,"featured_media":0,"parent":0,"menu_order":0,"comment_status":"closed","ping_status":"closed","template":"","meta":{"footnotes":""},"class_list":["post-16198","page","type-page","status-publish","hentry"],"yoast_head":"<!-- This site is optimized with the Yoast SEO plugin v27.2 - https:\/\/yoast.com\/product\/yoast-seo-wordpress\/ -->\n<title>Galerie photos H\u00f4tel City 4 \u00e9toiles Montesilvano Abruzzes<\/title>\n<meta name=\"description\" content=\"Galerie photos H\u00f4tel City 4 \u00e9toiles Montesilvano Abruzzes, h\u00f4tel 4 \u00e9toiles \u00e0 Montesilvano au style classique et raffin\u00e9 au c\u0153ur de la Riviera.\" \/>\n<meta name=\"robots\" content=\"noindex, follow, max-snippet:-1, max-image-preview:large, max-video-preview:-1\" \/>\n<meta property=\"og:locale\" content=\"fr_FR\" \/>\n<meta property=\"og:type\" content=\"article\" \/>\n<meta property=\"og:title\" content=\"Galerie photos H\u00f4tel City 4 \u00e9toiles Montesilvano Abruzzes\" \/>\n<meta property=\"og:description\" content=\"Galerie photos H\u00f4tel City 4 \u00e9toiles Montesilvano Abruzzes, h\u00f4tel 4 \u00e9toiles \u00e0 Montesilvano au style classique et raffin\u00e9 au c\u0153ur de la Riviera.\" \/>\n<meta property=\"og:url\" content=\"https:\/\/test.giadahotel.com\/fr\/galerie-photos-hotel-city-4-etoiles-montesilvano-abruzzes\/\" \/>\n<meta property=\"og:site_name\" content=\"Hotel Giada\" \/>\n<meta property=\"article:publisher\" content=\"https:\/\/www.facebook.com\/HotelGiadaSM\" \/>\n<meta property=\"article:modified_time\" content=\"2026-02-23T11:16:07+00:00\" \/>\n<meta name=\"twitter:card\" content=\"summary_large_image\" \/>\n<meta name=\"twitter:label1\" content=\"Dur\u00e9e de lecture estim\u00e9e\" \/>\n\t<meta name=\"twitter:data1\" content=\"1 minute\" \/>\n<script type=\"application\/ld+json\" class=\"yoast-schema-graph\">{\"@context\":\"https:\/\/schema.org\",\"@graph\":[{\"@type\":\"WebPage\",\"@id\":\"https:\/\/test.giadahotel.com\/fr\/galerie-photos-hotel-city-4-etoiles-montesilvano-abruzzes\/\",\"url\":\"https:\/\/test.giadahotel.com\/fr\/galerie-photos-hotel-city-4-etoiles-montesilvano-abruzzes\/\",\"name\":\"Galerie photos H\u00f4tel City 4 \u00e9toiles Montesilvano Abruzzes\",\"isPartOf\":{\"@id\":\"https:\/\/test.giadahotel.com\/fr\/#website\"},\"datePublished\":\"2025-04-07T11:49:13+00:00\",\"dateModified\":\"2026-02-23T11:16:07+00:00\",\"description\":\"Galerie photos H\u00f4tel City 4 \u00e9toiles Montesilvano Abruzzes, h\u00f4tel 4 \u00e9toiles \u00e0 Montesilvano au style classique et raffin\u00e9 au c\u0153ur de la Riviera.\",\"breadcrumb\":{\"@id\":\"https:\/\/test.giadahotel.com\/fr\/galerie-photos-hotel-city-4-etoiles-montesilvano-abruzzes\/#breadcrumb\"},\"inLanguage\":\"fr-FR\",\"potentialAction\":[{\"@type\":\"ReadAction\",\"target\":[\"https:\/\/test.giadahotel.com\/fr\/galerie-photos-hotel-city-4-etoiles-montesilvano-abruzzes\/\"]}]},{\"@type\":\"BreadcrumbList\",\"@id\":\"https:\/\/test.giadahotel.com\/fr\/galerie-photos-hotel-city-4-etoiles-montesilvano-abruzzes\/#breadcrumb\",\"itemListElement\":[{\"@type\":\"ListItem\",\"position\":1,\"name\":\"Home\",\"item\":\"https:\/\/test.giadahotel.com\/fr\/\"},{\"@type\":\"ListItem\",\"position\":2,\"name\":\"Galerie\"}]},{\"@type\":\"WebSite\",\"@id\":\"https:\/\/test.giadahotel.com\/fr\/#website\",\"url\":\"https:\/\/test.giadahotel.com\/fr\/\",\"name\":\"Hotel Giada\",\"description\":\"La Tua Vacanza a Silvi Marina\",\"publisher\":{\"@id\":\"https:\/\/test.giadahotel.com\/fr\/#organization\"},\"potentialAction\":[{\"@type\":\"SearchAction\",\"target\":{\"@type\":\"EntryPoint\",\"urlTemplate\":\"https:\/\/test.giadahotel.com\/fr\/?s={search_term_string}\"},\"query-input\":{\"@type\":\"PropertyValueSpecification\",\"valueRequired\":true,\"valueName\":\"search_term_string\"}}],\"inLanguage\":\"fr-FR\"},{\"@type\":\"Organization\",\"@id\":\"https:\/\/test.giadahotel.com\/fr\/#organization\",\"name\":\"Hotel Giada\",\"url\":\"https:\/\/test.giadahotel.com\/fr\/\",\"logo\":{\"@type\":\"ImageObject\",\"inLanguage\":\"fr-FR\",\"@id\":\"https:\/\/test.giadahotel.com\/fr\/#\/schema\/logo\/image\/\",\"url\":\"https:\/\/test.giadahotel.com\/wp-content\/uploads\/2018\/10\/LOGO-GIADA-ORIZ-AZZURRO.svg\",\"contentUrl\":\"https:\/\/test.giadahotel.com\/wp-content\/uploads\/2018\/10\/LOGO-GIADA-ORIZ-AZZURRO.svg\",\"width\":1,\"height\":1,\"caption\":\"Hotel Giada\"},\"image\":{\"@id\":\"https:\/\/test.giadahotel.com\/fr\/#\/schema\/logo\/image\/\"},\"sameAs\":[\"https:\/\/www.facebook.com\/HotelGiadaSM\",\"https:\/\/www.instagram.com\/hotel_giada\/\"]}]}<\/script>\n<!-- \/ Yoast SEO plugin. -->","yoast_head_json":{"title":"Galerie photos H\u00f4tel City 4 \u00e9toiles Montesilvano Abruzzes","description":"Galerie photos H\u00f4tel City 4 \u00e9toiles Montesilvano Abruzzes, h\u00f4tel 4 \u00e9toiles \u00e0 Montesilvano au style classique et raffin\u00e9 au c\u0153ur de la Riviera.","robots":{"index":"noindex","follow":"follow","max-snippet":"max-snippet:-1","max-image-preview":"max-image-preview:large","max-video-preview":"max-video-preview:-1"},"og_locale":"fr_FR","og_type":"article","og_title":"Galerie photos H\u00f4tel City 4 \u00e9toiles Montesilvano Abruzzes","og_description":"Galerie photos H\u00f4tel City 4 \u00e9toiles Montesilvano Abruzzes, h\u00f4tel 4 \u00e9toiles \u00e0 Montesilvano au style classique et raffin\u00e9 au c\u0153ur de la Riviera.","og_url":"https:\/\/test.giadahotel.com\/fr\/galerie-photos-hotel-city-4-etoiles-montesilvano-abruzzes\/","og_site_name":"Hotel Giada","article_publisher":"https:\/\/www.facebook.com\/HotelGiadaSM","article_modified_time":"2026-02-23T11:16:07+00:00","twitter_card":"summary_large_image","twitter_misc":{"Dur\u00e9e de lecture estim\u00e9e":"1 minute"},"schema":{"@context":"https:\/\/schema.org","@graph":[{"@type":"WebPage","@id":"https:\/\/test.giadahotel.com\/fr\/galerie-photos-hotel-city-4-etoiles-montesilvano-abruzzes\/","url":"https:\/\/test.giadahotel.com\/fr\/galerie-photos-hotel-city-4-etoiles-montesilvano-abruzzes\/","name":"Galerie photos H\u00f4tel City 4 \u00e9toiles Montesilvano Abruzzes","isPartOf":{"@id":"https:\/\/test.giadahotel.com\/fr\/#website"},"datePublished":"2025-04-07T11:49:13+00:00","dateModified":"2026-02-23T11:16:07+00:00","description":"Galerie photos H\u00f4tel City 4 \u00e9toiles Montesilvano Abruzzes, h\u00f4tel 4 \u00e9toiles \u00e0 Montesilvano au style classique et raffin\u00e9 au c\u0153ur de la Riviera.","breadcrumb":{"@id":"https:\/\/test.giadahotel.com\/fr\/galerie-photos-hotel-city-4-etoiles-montesilvano-abruzzes\/#breadcrumb"},"inLanguage":"fr-FR","potentialAction":[{"@type":"ReadAction","target":["https:\/\/test.giadahotel.com\/fr\/galerie-photos-hotel-city-4-etoiles-montesilvano-abruzzes\/"]}]},{"@type":"BreadcrumbList","@id":"https:\/\/test.giadahotel.com\/fr\/galerie-photos-hotel-city-4-etoiles-montesilvano-abruzzes\/#breadcrumb","itemListElement":[{"@type":"ListItem","position":1,"name":"Home","item":"https:\/\/test.giadahotel.com\/fr\/"},{"@type":"ListItem","position":2,"name":"Galerie"}]},{"@type":"WebSite","@id":"https:\/\/test.giadahotel.com\/fr\/#website","url":"https:\/\/test.giadahotel.com\/fr\/","name":"Hotel Giada","description":"La Tua Vacanza a Silvi Marina","publisher":{"@id":"https:\/\/test.giadahotel.com\/fr\/#organization"},"potentialAction":[{"@type":"SearchAction","target":{"@type":"EntryPoint","urlTemplate":"https:\/\/test.giadahotel.com\/fr\/?s={search_term_string}"},"query-input":{"@type":"PropertyValueSpecification","valueRequired":true,"valueName":"search_term_string"}}],"inLanguage":"fr-FR"},{"@type":"Organization","@id":"https:\/\/test.giadahotel.com\/fr\/#organization","name":"Hotel Giada","url":"https:\/\/test.giadahotel.com\/fr\/","logo":{"@type":"ImageObject","inLanguage":"fr-FR","@id":"https:\/\/test.giadahotel.com\/fr\/#\/schema\/logo\/image\/","url":"https:\/\/test.giadahotel.com\/wp-content\/uploads\/2018\/10\/LOGO-GIADA-ORIZ-AZZURRO.svg","contentUrl":"https:\/\/test.giadahotel.com\/wp-content\/uploads\/2018\/10\/LOGO-GIADA-ORIZ-AZZURRO.svg","width":1,"height":1,"caption":"Hotel Giada"},"image":{"@id":"https:\/\/test.giadahotel.com\/fr\/#\/schema\/logo\/image\/"},"sameAs":["https:\/\/www.facebook.com\/HotelGiadaSM","https:\/\/www.instagram.com\/hotel_giada\/"]}]}},"_links":{"self":[{"href":"https:\/\/test.giadahotel.com\/fr\/wp-json\/wp\/v2\/pages\/16198","targetHints":{"allow":["GET"]}}],"collection":[{"href":"https:\/\/test.giadahotel.com\/fr\/wp-json\/wp\/v2\/pages"}],"about":[{"href":"https:\/\/test.giadahotel.com\/fr\/wp-json\/wp\/v2\/types\/page"}],"author":[{"embeddable":true,"href":"https:\/\/test.giadahotel.com\/fr\/wp-json\/wp\/v2\/users\/2"}],"replies":[{"embeddable":true,"href":"https:\/\/test.giadahotel.com\/fr\/wp-json\/wp\/v2\/comments?post=16198"}],"version-history":[{"count":3,"href":"https:\/\/test.giadahotel.com\/fr\/wp-json\/wp\/v2\/pages\/16198\/revisions"}],"predecessor-version":[{"id":16206,"href":"https:\/\/test.giadahotel.com\/fr\/wp-json\/wp\/v2\/pages\/16198\/revisions\/16206"}],"wp:attachment":[{"href":"https:\/\/test.giadahotel.com\/fr\/wp-json\/wp\/v2\/media?parent=16198"}],"curies":[{"name":"wp","href":"https:\/\/api.w.org\/{rel}","templated":true}]}}