{"id":16169,"date":"2018-09-27T18:44:51","date_gmt":"2018-09-27T18:44:51","guid":{"rendered":"https:\/\/test.giadahotel.com\/hotel-montesilvano-marina-camere-vista-mare\/"},"modified":"2026-02-23T10:23:58","modified_gmt":"2026-02-23T10:23:58","slug":"hotel-montesilvano-marina-chambres-vue-mer","status":"publish","type":"page","link":"https:\/\/test.giadahotel.com\/fr\/hotel-montesilvano-marina-chambres-vue-mer\/","title":{"rendered":"Chambres"},"content":{"rendered":"<div class=\"wpb-content-wrapper\"><p>[vc_row el_class=&#8221;milenia-body&#8211;scheme-lightbrown&#8221;][vc_column][vc_empty_space height=&#8221;50px&#8221;][vc_custom_heading text=&#8221;Nos Chambres&#8221; font_container=&#8221;tag:h3|text_align:left&#8221; use_theme_fonts=&#8221;yes&#8221; css=&#8221;&#8221;][vc_empty_space height=&#8221;30px&#8221;][vc_column_text css=&#8221;&#8221;]<\/p>\n<div class=\"Y3BBE\" data-sfc-cp=\"\" data-hveid=\"CAEIFBAA\" data-processed=\"true\"><strong class=\"Yjhzub\">Votre r\u00e9veil \u00e0 deux pas de la mer<\/strong><br data-serialized-params=\"[]\" \/>Nos chambres, r\u00e9cemment r\u00e9nov\u00e9es, vous accueillent dans des espaces chaleureux, lumineux et soign\u00e9s dans les moindres d\u00e9tails, con\u00e7us pour vous offrir le maximum de confort et de tranquillit\u00e9.<button class=\"rBl3me\" tabindex=\"0\" data-amic=\"true\" data-icl-uuid=\"5df89fb5-fbdd-4a39-80a9-7a824985ed0b\" aria-label=\"Visualizza link correlati\" data-wiz-attrbind=\"disabled=HRXpbf_3e\/C5gNJc;aria-label=HRXpbf_3e\/bOjMyf;class=HRXpbf_3e\/UpSNec\" data-ved=\"2ahUKEwjHrPT8sO-SAxUs2QIHHczBPFEQye0OegYIAQgUEAE\"><\/button><\/div>\n<div class=\"Y3BBE\" data-sfc-cp=\"\" data-hveid=\"CAEIFRAA\" data-processed=\"true\">Que vous voyagiez en couple, en famille ou entre amis, vous trouverez la solution id\u00e9ale. Nos chambres peuvent accueillir jusqu&#8217;\u00e0 quatre personnes, tandis que pour ceux qui souhaitent plus d&#8217;espace et d&#8217;intimit\u00e9, l&#8217;H\u00f4tel City propose les accueillantes\u00a0<strong class=\"Yjhzub\">Chambres Family<\/strong>, avec un double espace, id\u00e9ales pour cinq personnes.<button class=\"rBl3me\" tabindex=\"0\" data-amic=\"true\" data-icl-uuid=\"de121c7d-90e2-47d8-a458-d262257931d8\" aria-label=\"Visualizza link correlati\" data-wiz-attrbind=\"disabled=HRXpbf_3j\/C5gNJc;aria-label=HRXpbf_3j\/bOjMyf;class=HRXpbf_3j\/UpSNec\" data-ved=\"2ahUKEwjHrPT8sO-SAxUs2QIHHczBPFEQye0OegYIAQgVEAE\"><\/button><\/div>\n<div class=\"Y3BBE\" data-sfc-cp=\"\" data-hveid=\"CAEIFhAA\" data-processed=\"true\">Pour ceux qui r\u00eavent de se r\u00e9veiller avec le bleu de la mer devant les yeux, nous disposons de chambres avec\u00a0<strong class=\"Yjhzub\">vue lat\u00e9rale sur la mer<\/strong>, o\u00f9 chaque journ\u00e9e commence par un horizon riche en \u00e9motions.<button class=\"rBl3me\" tabindex=\"0\" data-amic=\"true\" data-icl-uuid=\"759e4ff3-4113-4d70-8722-9766b6a86104\" aria-label=\"Visualizza link correlati\" data-wiz-attrbind=\"disabled=HRXpbf_3o\/C5gNJc;aria-label=HRXpbf_3o\/bOjMyf;class=HRXpbf_3o\/UpSNec\" data-ved=\"2ahUKEwjHrPT8sO-SAxUs2QIHHczBPFEQye0OegYIAQgWEAE\"><\/button><\/div>\n<div class=\"Y3BBE\" data-sfc-cp=\"\" data-hveid=\"CAEIFxAA\" data-processed=\"true\">Quel que soit votre souhait, notre \u00e9quipe sera toujours \u00e0 vos c\u00f4t\u00e9s, pr\u00eate \u00e0 vous chouchouter et \u00e0 vous garantir le repos que vous m\u00e9ritez, dans une atmosph\u00e8re sereine et familiale.<button class=\"rBl3me\" tabindex=\"0\" data-amic=\"true\" data-icl-uuid=\"528838b7-b736-431e-80fc-34789566238b\" aria-label=\"Visualizza link correlati\" data-wiz-attrbind=\"disabled=HRXpbf_3s\/C5gNJc;aria-label=HRXpbf_3s\/bOjMyf;class=HRXpbf_3s\/UpSNec\" data-ved=\"2ahUKEwjHrPT8sO-SAxUs2QIHHczBPFEQye0OegYIAQgXEAE\"><\/button><\/div>\n<div class=\"Y3BBE\" data-sfc-cp=\"\" data-hveid=\"CAEIGBAA\" data-processed=\"true\"><strong class=\"Yjhzub\">Laissez-vous bercer par l&#8217;Abruzzes la plus authentique. R\u00e9servez votre s\u00e9jour \u00e0 Montesilvano Marina.<\/strong><button class=\"rBl3me\" tabindex=\"0\" data-amic=\"true\" data-icl-uuid=\"b7e55564-f45b-4fff-8e37-64aa1c013208\" aria-label=\"Visualizza link correlati\" data-wiz-attrbind=\"disabled=HRXpbf_3x\/C5gNJc;aria-label=HRXpbf_3x\/bOjMyf;class=HRXpbf_3x\/UpSNec\" data-ved=\"2ahUKEwjHrPT8sO-SAxUs2QIHHczBPFEQye0OegYIAQgYEAE\"><\/button><\/div>\n<p>[\/vc_column_text][\/vc_column][\/vc_row][vc_row][vc_column][vc_empty_space][vc_custom_heading text=&#8221;Ce que vous trouverez&#8221; font_container=&#8221;tag:h3|text_align:left&#8221; use_theme_fonts=&#8221;yes&#8221; css=&#8221;&#8221;]<!--================ Icon Boxes ================-->\n<script>\n    (function($){\n        'use strict';\n\n        if(!$) return;\n\n        $(function(){\n            var $container = $('#vc-milenia-info-boxes-aecbdf5d68245072bc9901e8381e9cf8-1775695492251224301');\n\n            if(!$container.length) return;\n\n            if(window.appear) {\n                appear({\n                    elements: function(){\n                        return document.querySelectorAll('#vc-milenia-info-boxes-aecbdf5d68245072bc9901e8381e9cf8-1775695492251224301');\n                    },\n                    appear: function(element) {\n                        var $el = $(element);\n                        $el.addClass('milenia-visible').addClass($el.data('animation'));\n                    },\n                    reappear: false,\n                    bounds: -200\n                });\n            }\n\n            if(window.Milenia && window.Milenia.LinkUnderliner) {\n                window.Milenia.LinkUnderliner.init($container.find('a'));\n            }\n        });\n    })(window.jQuery);\n<\/script>\n\n<div id=\"vc-milenia-info-boxes-aecbdf5d68245072bc9901e8381e9cf8-1775695492251224301\" class=\"milenia-icon-boxes milenia-icon-boxes--style-3 milenia-visible\" data-animation=\"none\">\n    <div class=\"milenia-grid milenia-grid--cols-4\">\n        <!--================ Icon Box ================-->\n<div class=\"milenia-grid-item\">\n    <article class=\"milenia-icon-box milenia-aligner\" style=\"color: #858585;\">\n        <div class=\"milenia-aligner-outer\">\n            <div class=\"milenia-aligner-inner\">\n                <span class=\"milenia-icon-box-icon milenia-font-icon-air-conditioner\"><\/span>\n\n                <div class=\"milenia-icon-box-content\">\n                    <h2 class=\"milenia-icon-box-title\" style=\"color: #1c1c1c;\">Climatisation<\/h2>\n                    \n                <\/div>\n            <\/div>\n        <\/div>\n\n        \n    <\/article>\n<\/div>\n<!--================ Icon Box ================-->\n\r\n<!--================ Icon Box ================-->\n<div class=\"milenia-grid-item\">\n    <article class=\"milenia-icon-box milenia-aligner\" style=\"color: #858585;\">\n        <div class=\"milenia-aligner-outer\">\n            <div class=\"milenia-aligner-inner\">\n                <span class=\"milenia-icon-box-icon milenia-font-icon-wi-fi\"><\/span>\n\n                <div class=\"milenia-icon-box-content\">\n                    <h2 class=\"milenia-icon-box-title\" style=\"color: #1c1c1c;\">Wi-Fi fibre<\/h2>\n                    \n                <\/div>\n            <\/div>\n        <\/div>\n\n        \n    <\/article>\n<\/div>\n<!--================ Icon Box ================-->\n\r\n<!--================ Icon Box ================-->\n<div class=\"milenia-grid-item\">\n    <article class=\"milenia-icon-box milenia-aligner\" style=\"color: #858585;\">\n        <div class=\"milenia-aligner-outer\">\n            <div class=\"milenia-aligner-inner\">\n                <span class=\"milenia-icon-box-icon milenia-font-icon-phone\"><\/span>\n\n                <div class=\"milenia-icon-box-content\">\n                    <h2 class=\"milenia-icon-box-title\" style=\"color: #1c1c1c;\">T\u00e9l\u00e9phone<\/h2>\n                    \n                <\/div>\n            <\/div>\n        <\/div>\n\n        \n    <\/article>\n<\/div>\n<!--================ Icon Box ================-->\n\r\n<!--================ Icon Box ================-->\n<div class=\"milenia-grid-item\">\n    <article class=\"milenia-icon-box milenia-aligner\" style=\"color: #858585;\">\n        <div class=\"milenia-aligner-outer\">\n            <div class=\"milenia-aligner-inner\">\n                <span class=\"milenia-icon-box-icon milenia-font-icon-champagne\"><\/span>\n\n                <div class=\"milenia-icon-box-content\">\n                    <h2 class=\"milenia-icon-box-title\" style=\"color: #1c1c1c;\">Minibar<\/h2>\n                    \n                <\/div>\n            <\/div>\n        <\/div>\n\n        \n    <\/article>\n<\/div>\n<!--================ Icon Box ================-->\n\r\n<!--================ Icon Box ================-->\n<div class=\"milenia-grid-item\">\n    <article class=\"milenia-icon-box milenia-aligner\" style=\"color: #858585;\">\n        <div class=\"milenia-aligner-outer\">\n            <div class=\"milenia-aligner-inner\">\n                <span class=\"milenia-icon-box-icon milenia-font-icon-tv\"><\/span>\n\n                <div class=\"milenia-icon-box-content\">\n                    <h2 class=\"milenia-icon-box-title\" style=\"color: #1c1c1c;\">Smart TV<\/h2>\n                    \n                <\/div>\n            <\/div>\n        <\/div>\n\n        \n    <\/article>\n<\/div>\n<!--================ Icon Box ================-->\n\r\n<!--================ Icon Box ================-->\n<div class=\"milenia-grid-item\">\n    <article class=\"milenia-icon-box milenia-aligner\" style=\"color: #858585;\">\n        <div class=\"milenia-aligner-outer\">\n            <div class=\"milenia-aligner-inner\">\n                <span class=\"milenia-icon-box-icon milenia-font-icon-bathtub\"><\/span>\n\n                <div class=\"milenia-icon-box-content\">\n                    <h2 class=\"milenia-icon-box-title\" style=\"color: #1c1c1c;\">Salle de bain con baignoire ou douche<\/h2>\n                    \n                <\/div>\n            <\/div>\n        <\/div>\n\n        \n    <\/article>\n<\/div>\n<!--================ Icon Box ================-->\n\r\n<!--================ Icon Box ================-->\n<div class=\"milenia-grid-item\">\n    <article class=\"milenia-icon-box milenia-aligner\" style=\"color: #858585;\">\n        <div class=\"milenia-aligner-outer\">\n            <div class=\"milenia-aligner-inner\">\n                <span class=\"milenia-icon-box-icon milenia-font-icon-paper-pencil\"><\/span>\n\n                <div class=\"milenia-icon-box-content\">\n                    <h2 class=\"milenia-icon-box-title\" style=\"color: #1c1c1c;\">Bureau<\/h2>\n                    \n                <\/div>\n            <\/div>\n        <\/div>\n\n        \n    <\/article>\n<\/div>\n<!--================ Icon Box ================-->\n\r\n<!--================ Icon Box ================-->\n<div class=\"milenia-grid-item\">\n    <article class=\"milenia-icon-box milenia-aligner\" style=\"color: #858585;\">\n        <div class=\"milenia-aligner-outer\">\n            <div class=\"milenia-aligner-inner\">\n                <span class=\"milenia-icon-box-icon milenia-font-icon-safe\"><\/span>\n\n                <div class=\"milenia-icon-box-content\">\n                    <h2 class=\"milenia-icon-box-title\" style=\"color: #1c1c1c;\">Coffre-fort<\/h2>\n                    \n                <\/div>\n            <\/div>\n        <\/div>\n\n        \n    <\/article>\n<\/div>\n<!--================ Icon Box ================-->\n\n    <\/div>\n<\/div>\n<!--================ Icon Boxes ================-->\n[\/vc_column][\/vc_row][vc_row][vc_column][vc_custom_heading text=&#8221;Nos chambres, votre refuge en bord de mer&#8221; font_container=&#8221;tag:h3|text_align:left&#8221; use_theme_fonts=&#8221;yes&#8221; css=&#8221;&#8221;][vc_empty_space height=&#8221;20px&#8221;][vc_raw_html css=&#8221;&#8221;]JTVCZm9vZ2FsbGVyeSUyMGlkJTNEJTIyMTYwNDElMjIlNUQ=[\/vc_raw_html][\/vc_column][\/vc_row]<\/p>\n<\/div>","protected":false},"excerpt":{"rendered":"<p>[vc_row el_class=&#8221;milenia-body&#8211;scheme-lightbrown&#8221;][vc_column][vc_empty_space height=&#8221;50px&#8221;][vc_custom_heading text=&#8221;Nos Chambres&#8221; font_container=&#8221;tag:h3|text_align:left&#8221; use_theme_fonts=&#8221;yes&#8221; css=&#8221;&#8221;][vc_empty_space height=&#8221;30px&#8221;][vc_column_text css=&#8221;&#8221;] Votre r\u00e9veil \u00e0 deux pas de la merNos&#8230;<\/p>\n","protected":false},"author":1,"featured_media":0,"parent":0,"menu_order":0,"comment_status":"closed","ping_status":"closed","template":"","meta":{"footnotes":""},"class_list":["post-16169","page","type-page","status-publish","hentry"],"yoast_head":"<!-- This site is optimized with the Yoast SEO plugin v27.2 - https:\/\/yoast.com\/product\/yoast-seo-wordpress\/ -->\n<title>H\u00f4tel Montesilvano Marina chambres vue mer | Hotel City Abruzzo<\/title>\n<meta name=\"description\" content=\"H\u00f4tel Montesilvano Marina chambres vue mer. Les chambres ont \u00e9t\u00e9 r\u00e9cemment r\u00e9nov\u00e9es et dot\u00e9es de tout le confort n\u00e9cessaire ; notre \u00e9quipe est \u00e0 votre enti\u00e8re disposition.\" \/>\n<meta name=\"robots\" content=\"noindex, follow, max-snippet:-1, max-image-preview:large, max-video-preview:-1\" \/>\n<meta property=\"og:locale\" content=\"fr_FR\" \/>\n<meta property=\"og:type\" content=\"article\" \/>\n<meta property=\"og:title\" content=\"H\u00f4tel Montesilvano Marina chambres vue mer | Hotel City Abruzzo\" \/>\n<meta property=\"og:description\" content=\"H\u00f4tel Montesilvano Marina chambres vue mer. Les chambres ont \u00e9t\u00e9 r\u00e9cemment r\u00e9nov\u00e9es et dot\u00e9es de tout le confort n\u00e9cessaire ; notre \u00e9quipe est \u00e0 votre enti\u00e8re disposition.\" \/>\n<meta property=\"og:url\" content=\"https:\/\/test.giadahotel.com\/fr\/hotel-montesilvano-marina-chambres-vue-mer\/\" \/>\n<meta property=\"og:site_name\" content=\"Hotel Giada\" \/>\n<meta property=\"article:publisher\" content=\"https:\/\/www.facebook.com\/HotelGiadaSM\" \/>\n<meta property=\"article:modified_time\" content=\"2026-02-23T10:23:58+00:00\" \/>\n<meta name=\"twitter:card\" content=\"summary_large_image\" \/>\n<meta name=\"twitter:label1\" content=\"Dur\u00e9e de lecture estim\u00e9e\" \/>\n\t<meta name=\"twitter:data1\" content=\"2 minutes\" \/>\n<script type=\"application\/ld+json\" class=\"yoast-schema-graph\">{\"@context\":\"https:\/\/schema.org\",\"@graph\":[{\"@type\":\"WebPage\",\"@id\":\"https:\/\/test.giadahotel.com\/fr\/hotel-montesilvano-marina-chambres-vue-mer\/\",\"url\":\"https:\/\/test.giadahotel.com\/fr\/hotel-montesilvano-marina-chambres-vue-mer\/\",\"name\":\"H\u00f4tel Montesilvano Marina chambres vue mer | Hotel City Abruzzo\",\"isPartOf\":{\"@id\":\"https:\/\/test.giadahotel.com\/fr\/#website\"},\"datePublished\":\"2018-09-27T18:44:51+00:00\",\"dateModified\":\"2026-02-23T10:23:58+00:00\",\"description\":\"H\u00f4tel Montesilvano Marina chambres vue mer. Les chambres ont \u00e9t\u00e9 r\u00e9cemment r\u00e9nov\u00e9es et dot\u00e9es de tout le confort n\u00e9cessaire ; notre \u00e9quipe est \u00e0 votre enti\u00e8re disposition.\",\"breadcrumb\":{\"@id\":\"https:\/\/test.giadahotel.com\/fr\/hotel-montesilvano-marina-chambres-vue-mer\/#breadcrumb\"},\"inLanguage\":\"fr-FR\",\"potentialAction\":[{\"@type\":\"ReadAction\",\"target\":[\"https:\/\/test.giadahotel.com\/fr\/hotel-montesilvano-marina-chambres-vue-mer\/\"]}]},{\"@type\":\"BreadcrumbList\",\"@id\":\"https:\/\/test.giadahotel.com\/fr\/hotel-montesilvano-marina-chambres-vue-mer\/#breadcrumb\",\"itemListElement\":[{\"@type\":\"ListItem\",\"position\":1,\"name\":\"Home\",\"item\":\"https:\/\/test.giadahotel.com\/fr\/\"},{\"@type\":\"ListItem\",\"position\":2,\"name\":\"Chambres\"}]},{\"@type\":\"WebSite\",\"@id\":\"https:\/\/test.giadahotel.com\/fr\/#website\",\"url\":\"https:\/\/test.giadahotel.com\/fr\/\",\"name\":\"Hotel Giada\",\"description\":\"La Tua Vacanza a Silvi Marina\",\"publisher\":{\"@id\":\"https:\/\/test.giadahotel.com\/fr\/#organization\"},\"potentialAction\":[{\"@type\":\"SearchAction\",\"target\":{\"@type\":\"EntryPoint\",\"urlTemplate\":\"https:\/\/test.giadahotel.com\/fr\/?s={search_term_string}\"},\"query-input\":{\"@type\":\"PropertyValueSpecification\",\"valueRequired\":true,\"valueName\":\"search_term_string\"}}],\"inLanguage\":\"fr-FR\"},{\"@type\":\"Organization\",\"@id\":\"https:\/\/test.giadahotel.com\/fr\/#organization\",\"name\":\"Hotel Giada\",\"url\":\"https:\/\/test.giadahotel.com\/fr\/\",\"logo\":{\"@type\":\"ImageObject\",\"inLanguage\":\"fr-FR\",\"@id\":\"https:\/\/test.giadahotel.com\/fr\/#\/schema\/logo\/image\/\",\"url\":\"https:\/\/test.giadahotel.com\/wp-content\/uploads\/2018\/10\/LOGO-GIADA-ORIZ-AZZURRO.svg\",\"contentUrl\":\"https:\/\/test.giadahotel.com\/wp-content\/uploads\/2018\/10\/LOGO-GIADA-ORIZ-AZZURRO.svg\",\"width\":1,\"height\":1,\"caption\":\"Hotel Giada\"},\"image\":{\"@id\":\"https:\/\/test.giadahotel.com\/fr\/#\/schema\/logo\/image\/\"},\"sameAs\":[\"https:\/\/www.facebook.com\/HotelGiadaSM\",\"https:\/\/www.instagram.com\/hotel_giada\/\"]}]}<\/script>\n<!-- \/ Yoast SEO plugin. -->","yoast_head_json":{"title":"H\u00f4tel Montesilvano Marina chambres vue mer | Hotel City Abruzzo","description":"H\u00f4tel Montesilvano Marina chambres vue mer. Les chambres ont \u00e9t\u00e9 r\u00e9cemment r\u00e9nov\u00e9es et dot\u00e9es de tout le confort n\u00e9cessaire ; notre \u00e9quipe est \u00e0 votre enti\u00e8re disposition.","robots":{"index":"noindex","follow":"follow","max-snippet":"max-snippet:-1","max-image-preview":"max-image-preview:large","max-video-preview":"max-video-preview:-1"},"og_locale":"fr_FR","og_type":"article","og_title":"H\u00f4tel Montesilvano Marina chambres vue mer | Hotel City Abruzzo","og_description":"H\u00f4tel Montesilvano Marina chambres vue mer. Les chambres ont \u00e9t\u00e9 r\u00e9cemment r\u00e9nov\u00e9es et dot\u00e9es de tout le confort n\u00e9cessaire ; notre \u00e9quipe est \u00e0 votre enti\u00e8re disposition.","og_url":"https:\/\/test.giadahotel.com\/fr\/hotel-montesilvano-marina-chambres-vue-mer\/","og_site_name":"Hotel Giada","article_publisher":"https:\/\/www.facebook.com\/HotelGiadaSM","article_modified_time":"2026-02-23T10:23:58+00:00","twitter_card":"summary_large_image","twitter_misc":{"Dur\u00e9e de lecture estim\u00e9e":"2 minutes"},"schema":{"@context":"https:\/\/schema.org","@graph":[{"@type":"WebPage","@id":"https:\/\/test.giadahotel.com\/fr\/hotel-montesilvano-marina-chambres-vue-mer\/","url":"https:\/\/test.giadahotel.com\/fr\/hotel-montesilvano-marina-chambres-vue-mer\/","name":"H\u00f4tel Montesilvano Marina chambres vue mer | Hotel City Abruzzo","isPartOf":{"@id":"https:\/\/test.giadahotel.com\/fr\/#website"},"datePublished":"2018-09-27T18:44:51+00:00","dateModified":"2026-02-23T10:23:58+00:00","description":"H\u00f4tel Montesilvano Marina chambres vue mer. Les chambres ont \u00e9t\u00e9 r\u00e9cemment r\u00e9nov\u00e9es et dot\u00e9es de tout le confort n\u00e9cessaire ; notre \u00e9quipe est \u00e0 votre enti\u00e8re disposition.","breadcrumb":{"@id":"https:\/\/test.giadahotel.com\/fr\/hotel-montesilvano-marina-chambres-vue-mer\/#breadcrumb"},"inLanguage":"fr-FR","potentialAction":[{"@type":"ReadAction","target":["https:\/\/test.giadahotel.com\/fr\/hotel-montesilvano-marina-chambres-vue-mer\/"]}]},{"@type":"BreadcrumbList","@id":"https:\/\/test.giadahotel.com\/fr\/hotel-montesilvano-marina-chambres-vue-mer\/#breadcrumb","itemListElement":[{"@type":"ListItem","position":1,"name":"Home","item":"https:\/\/test.giadahotel.com\/fr\/"},{"@type":"ListItem","position":2,"name":"Chambres"}]},{"@type":"WebSite","@id":"https:\/\/test.giadahotel.com\/fr\/#website","url":"https:\/\/test.giadahotel.com\/fr\/","name":"Hotel Giada","description":"La Tua Vacanza a Silvi Marina","publisher":{"@id":"https:\/\/test.giadahotel.com\/fr\/#organization"},"potentialAction":[{"@type":"SearchAction","target":{"@type":"EntryPoint","urlTemplate":"https:\/\/test.giadahotel.com\/fr\/?s={search_term_string}"},"query-input":{"@type":"PropertyValueSpecification","valueRequired":true,"valueName":"search_term_string"}}],"inLanguage":"fr-FR"},{"@type":"Organization","@id":"https:\/\/test.giadahotel.com\/fr\/#organization","name":"Hotel Giada","url":"https:\/\/test.giadahotel.com\/fr\/","logo":{"@type":"ImageObject","inLanguage":"fr-FR","@id":"https:\/\/test.giadahotel.com\/fr\/#\/schema\/logo\/image\/","url":"https:\/\/test.giadahotel.com\/wp-content\/uploads\/2018\/10\/LOGO-GIADA-ORIZ-AZZURRO.svg","contentUrl":"https:\/\/test.giadahotel.com\/wp-content\/uploads\/2018\/10\/LOGO-GIADA-ORIZ-AZZURRO.svg","width":1,"height":1,"caption":"Hotel Giada"},"image":{"@id":"https:\/\/test.giadahotel.com\/fr\/#\/schema\/logo\/image\/"},"sameAs":["https:\/\/www.facebook.com\/HotelGiadaSM","https:\/\/www.instagram.com\/hotel_giada\/"]}]}},"_links":{"self":[{"href":"https:\/\/test.giadahotel.com\/fr\/wp-json\/wp\/v2\/pages\/16169","targetHints":{"allow":["GET"]}}],"collection":[{"href":"https:\/\/test.giadahotel.com\/fr\/wp-json\/wp\/v2\/pages"}],"about":[{"href":"https:\/\/test.giadahotel.com\/fr\/wp-json\/wp\/v2\/types\/page"}],"author":[{"embeddable":true,"href":"https:\/\/test.giadahotel.com\/fr\/wp-json\/wp\/v2\/users\/1"}],"replies":[{"embeddable":true,"href":"https:\/\/test.giadahotel.com\/fr\/wp-json\/wp\/v2\/comments?post=16169"}],"version-history":[{"count":3,"href":"https:\/\/test.giadahotel.com\/fr\/wp-json\/wp\/v2\/pages\/16169\/revisions"}],"predecessor-version":[{"id":16176,"href":"https:\/\/test.giadahotel.com\/fr\/wp-json\/wp\/v2\/pages\/16169\/revisions\/16176"}],"wp:attachment":[{"href":"https:\/\/test.giadahotel.com\/fr\/wp-json\/wp\/v2\/media?parent=16169"}],"curies":[{"name":"wp","href":"https:\/\/api.w.org\/{rel}","templated":true}]}}