{"id":16199,"date":"2025-04-07T11:49:13","date_gmt":"2025-04-07T11:49:13","guid":{"rendered":"https:\/\/test.giadahotel.com\/galleria-fotografica-hotel-city-4-stelle-montesilvano-abruzzo\/"},"modified":"2026-02-23T11:18:03","modified_gmt":"2026-02-23T11:18:03","slug":"otogalerie-hotel-city-4-sterne-montesilvano-abruzzen","status":"publish","type":"page","link":"https:\/\/test.giadahotel.com\/de\/otogalerie-hotel-city-4-sterne-montesilvano-abruzzen\/","title":{"rendered":"Gallery"},"content":{"rendered":"<div class=\"wpb-content-wrapper\"><p>[vc_row full_width=&#8221;stretch_row&#8221; content_placement=&#8221;middle&#8221; css=&#8221;.vc_custom_1538744986156{margin-bottom: 30px !important;background-color: #f8f8f8 !important;}&#8221;][vc_column el_class=&#8221;milenia-color&#8211;black&#8221;][vc_empty_space height=&#8221;50px&#8221;]<!--================ Section Heading ================-->\n<script>\n    (function($){\n        'use strict';\n\n        if(!$) return;\n\n        $(function(){\n            if(window.appear) {\n                appear({\n                    elements: function(){\n                        return document.querySelectorAll('#vc-milenia-section-heading-26ba076e12763009361aa109a689edb1-17756959432072330172');\n                    },\n                    appear: function(element) {\n                        var $el = $(element);\n                        $el.addClass('milenia-visible').addClass($el.data('animation'));\n                    },\n                    reappear: false,\n                    bounds: -200\n                });\n            }\n        });\n    })(window.jQuery);\n<\/script>\n<div id=\"vc-milenia-section-heading-26ba076e12763009361aa109a689edb1-17756959432072330172\" class=\"milenia-section-heading text-center vc_custom_1771845436621 milenia-visible\" data-animation=\"none\">\n    \n    <h2 class=\"milenia-section-title milenia-font--first-accented\" style=\"font-size: 50px;line-height: 43px;text-transform: none;font-style: normal;font-weight: 400;\">Gallery<\/h2>\n\n    \n<\/div>\n<!--================ End of Section Heading ================-->\n[vc_empty_space][vc_column_text css=&#8221;&#8221;]<\/p>\n<p style=\"text-align: center;\">Entdecken Sie das Hotel City Montesilvano in unserer Bildergalerie, die von der Eleganz, dem Komfort und der Gastfreundschaft unseres Hauses erz\u00e4hlt.<\/p>\n<p style=\"text-align: center;\">Lassen Sie sich von unserer Atmosph\u00e4re inspirieren und tr\u00e4umen Sie schon jetzt von Ihrem n\u00e4chsten Urlaub oder Ihrer n\u00e4chsten Gesch\u00e4ftsreise.<\/p>\n<p>[\/vc_column_text][vc_empty_space][vc_raw_html css=&#8221;&#8221;]JTVCZm9vZ2FsbGVyeSUyMGlkJTNEJTIyMTYwMjUlMjIlNUQ=[\/vc_raw_html][\/vc_column][\/vc_row]<\/p>\n<\/div>","protected":false},"excerpt":{"rendered":"<p>[vc_row full_width=&#8221;stretch_row&#8221; content_placement=&#8221;middle&#8221; css=&#8221;.vc_custom_1538744986156{margin-bottom: 30px !important;background-color: #f8f8f8 !important;}&#8221;][vc_column el_class=&#8221;milenia-color&#8211;black&#8221;][vc_empty_space height=&#8221;50px&#8221;][vc_empty_space][vc_column_text css=&#8221;&#8221;] Entdecken Sie das Hotel City Montesilvano in&#8230;<\/p>\n","protected":false},"author":2,"featured_media":0,"parent":0,"menu_order":0,"comment_status":"closed","ping_status":"closed","template":"","meta":{"footnotes":""},"class_list":["post-16199","page","type-page","status-publish","hentry"],"yoast_head":"<!-- This site is optimized with the Yoast SEO plugin v27.2 - https:\/\/yoast.com\/product\/yoast-seo-wordpress\/ -->\n<title>Fotogalerie Hotel City 4-Sterne Montesilvano Abruzzen<\/title>\n<meta name=\"description\" content=\"Fotogalerie Hotel City 4-Sterne Montesilvano Abruzzen, ein 4-Sterne-Hotel in Montesilvano mit klassischem und raffiniertem Stil im Herzen der Riviera.\" \/>\n<meta name=\"robots\" content=\"noindex, follow, max-snippet:-1, max-image-preview:large, max-video-preview:-1\" \/>\n<meta property=\"og:locale\" content=\"de_DE\" \/>\n<meta property=\"og:type\" content=\"article\" \/>\n<meta property=\"og:title\" content=\"Fotogalerie Hotel City 4-Sterne Montesilvano Abruzzen\" \/>\n<meta property=\"og:description\" content=\"Fotogalerie Hotel City 4-Sterne Montesilvano Abruzzen, ein 4-Sterne-Hotel in Montesilvano mit klassischem und raffiniertem Stil im Herzen der Riviera.\" \/>\n<meta property=\"og:url\" content=\"https:\/\/test.giadahotel.com\/de\/otogalerie-hotel-city-4-sterne-montesilvano-abruzzen\/\" \/>\n<meta property=\"og:site_name\" content=\"Hotel Giada\" \/>\n<meta property=\"article:publisher\" content=\"https:\/\/www.facebook.com\/HotelGiadaSM\" \/>\n<meta property=\"article:modified_time\" content=\"2026-02-23T11:18:03+00:00\" \/>\n<meta name=\"twitter:card\" content=\"summary_large_image\" \/>\n<meta name=\"twitter:label1\" content=\"Gesch\u00e4tzte Lesezeit\" \/>\n\t<meta name=\"twitter:data1\" content=\"1\u00a0Minute\" \/>\n<script type=\"application\/ld+json\" class=\"yoast-schema-graph\">{\"@context\":\"https:\/\/schema.org\",\"@graph\":[{\"@type\":\"WebPage\",\"@id\":\"https:\/\/test.giadahotel.com\/de\/otogalerie-hotel-city-4-sterne-montesilvano-abruzzen\/\",\"url\":\"https:\/\/test.giadahotel.com\/de\/otogalerie-hotel-city-4-sterne-montesilvano-abruzzen\/\",\"name\":\"Fotogalerie Hotel City 4-Sterne Montesilvano Abruzzen\",\"isPartOf\":{\"@id\":\"https:\/\/test.giadahotel.com\/de\/#website\"},\"datePublished\":\"2025-04-07T11:49:13+00:00\",\"dateModified\":\"2026-02-23T11:18:03+00:00\",\"description\":\"Fotogalerie Hotel City 4-Sterne Montesilvano Abruzzen, ein 4-Sterne-Hotel in Montesilvano mit klassischem und raffiniertem Stil im Herzen der Riviera.\",\"breadcrumb\":{\"@id\":\"https:\/\/test.giadahotel.com\/de\/otogalerie-hotel-city-4-sterne-montesilvano-abruzzen\/#breadcrumb\"},\"inLanguage\":\"de\",\"potentialAction\":[{\"@type\":\"ReadAction\",\"target\":[\"https:\/\/test.giadahotel.com\/de\/otogalerie-hotel-city-4-sterne-montesilvano-abruzzen\/\"]}]},{\"@type\":\"BreadcrumbList\",\"@id\":\"https:\/\/test.giadahotel.com\/de\/otogalerie-hotel-city-4-sterne-montesilvano-abruzzen\/#breadcrumb\",\"itemListElement\":[{\"@type\":\"ListItem\",\"position\":1,\"name\":\"Home\",\"item\":\"https:\/\/test.giadahotel.com\/de\/\"},{\"@type\":\"ListItem\",\"position\":2,\"name\":\"Gallery\"}]},{\"@type\":\"WebSite\",\"@id\":\"https:\/\/test.giadahotel.com\/de\/#website\",\"url\":\"https:\/\/test.giadahotel.com\/de\/\",\"name\":\"Hotel Giada\",\"description\":\"La Tua Vacanza a Silvi Marina\",\"publisher\":{\"@id\":\"https:\/\/test.giadahotel.com\/de\/#organization\"},\"potentialAction\":[{\"@type\":\"SearchAction\",\"target\":{\"@type\":\"EntryPoint\",\"urlTemplate\":\"https:\/\/test.giadahotel.com\/de\/?s={search_term_string}\"},\"query-input\":{\"@type\":\"PropertyValueSpecification\",\"valueRequired\":true,\"valueName\":\"search_term_string\"}}],\"inLanguage\":\"de\"},{\"@type\":\"Organization\",\"@id\":\"https:\/\/test.giadahotel.com\/de\/#organization\",\"name\":\"Hotel Giada\",\"url\":\"https:\/\/test.giadahotel.com\/de\/\",\"logo\":{\"@type\":\"ImageObject\",\"inLanguage\":\"de\",\"@id\":\"https:\/\/test.giadahotel.com\/de\/#\/schema\/logo\/image\/\",\"url\":\"https:\/\/test.giadahotel.com\/wp-content\/uploads\/2018\/10\/LOGO-GIADA-ORIZ-AZZURRO.svg\",\"contentUrl\":\"https:\/\/test.giadahotel.com\/wp-content\/uploads\/2018\/10\/LOGO-GIADA-ORIZ-AZZURRO.svg\",\"width\":1,\"height\":1,\"caption\":\"Hotel Giada\"},\"image\":{\"@id\":\"https:\/\/test.giadahotel.com\/de\/#\/schema\/logo\/image\/\"},\"sameAs\":[\"https:\/\/www.facebook.com\/HotelGiadaSM\",\"https:\/\/www.instagram.com\/hotel_giada\/\"]}]}<\/script>\n<!-- \/ Yoast SEO plugin. -->","yoast_head_json":{"title":"Fotogalerie Hotel City 4-Sterne Montesilvano Abruzzen","description":"Fotogalerie Hotel City 4-Sterne Montesilvano Abruzzen, ein 4-Sterne-Hotel in Montesilvano mit klassischem und raffiniertem Stil im Herzen der Riviera.","robots":{"index":"noindex","follow":"follow","max-snippet":"max-snippet:-1","max-image-preview":"max-image-preview:large","max-video-preview":"max-video-preview:-1"},"og_locale":"de_DE","og_type":"article","og_title":"Fotogalerie Hotel City 4-Sterne Montesilvano Abruzzen","og_description":"Fotogalerie Hotel City 4-Sterne Montesilvano Abruzzen, ein 4-Sterne-Hotel in Montesilvano mit klassischem und raffiniertem Stil im Herzen der Riviera.","og_url":"https:\/\/test.giadahotel.com\/de\/otogalerie-hotel-city-4-sterne-montesilvano-abruzzen\/","og_site_name":"Hotel Giada","article_publisher":"https:\/\/www.facebook.com\/HotelGiadaSM","article_modified_time":"2026-02-23T11:18:03+00:00","twitter_card":"summary_large_image","twitter_misc":{"Gesch\u00e4tzte Lesezeit":"1\u00a0Minute"},"schema":{"@context":"https:\/\/schema.org","@graph":[{"@type":"WebPage","@id":"https:\/\/test.giadahotel.com\/de\/otogalerie-hotel-city-4-sterne-montesilvano-abruzzen\/","url":"https:\/\/test.giadahotel.com\/de\/otogalerie-hotel-city-4-sterne-montesilvano-abruzzen\/","name":"Fotogalerie Hotel City 4-Sterne Montesilvano Abruzzen","isPartOf":{"@id":"https:\/\/test.giadahotel.com\/de\/#website"},"datePublished":"2025-04-07T11:49:13+00:00","dateModified":"2026-02-23T11:18:03+00:00","description":"Fotogalerie Hotel City 4-Sterne Montesilvano Abruzzen, ein 4-Sterne-Hotel in Montesilvano mit klassischem und raffiniertem Stil im Herzen der Riviera.","breadcrumb":{"@id":"https:\/\/test.giadahotel.com\/de\/otogalerie-hotel-city-4-sterne-montesilvano-abruzzen\/#breadcrumb"},"inLanguage":"de","potentialAction":[{"@type":"ReadAction","target":["https:\/\/test.giadahotel.com\/de\/otogalerie-hotel-city-4-sterne-montesilvano-abruzzen\/"]}]},{"@type":"BreadcrumbList","@id":"https:\/\/test.giadahotel.com\/de\/otogalerie-hotel-city-4-sterne-montesilvano-abruzzen\/#breadcrumb","itemListElement":[{"@type":"ListItem","position":1,"name":"Home","item":"https:\/\/test.giadahotel.com\/de\/"},{"@type":"ListItem","position":2,"name":"Gallery"}]},{"@type":"WebSite","@id":"https:\/\/test.giadahotel.com\/de\/#website","url":"https:\/\/test.giadahotel.com\/de\/","name":"Hotel Giada","description":"La Tua Vacanza a Silvi Marina","publisher":{"@id":"https:\/\/test.giadahotel.com\/de\/#organization"},"potentialAction":[{"@type":"SearchAction","target":{"@type":"EntryPoint","urlTemplate":"https:\/\/test.giadahotel.com\/de\/?s={search_term_string}"},"query-input":{"@type":"PropertyValueSpecification","valueRequired":true,"valueName":"search_term_string"}}],"inLanguage":"de"},{"@type":"Organization","@id":"https:\/\/test.giadahotel.com\/de\/#organization","name":"Hotel Giada","url":"https:\/\/test.giadahotel.com\/de\/","logo":{"@type":"ImageObject","inLanguage":"de","@id":"https:\/\/test.giadahotel.com\/de\/#\/schema\/logo\/image\/","url":"https:\/\/test.giadahotel.com\/wp-content\/uploads\/2018\/10\/LOGO-GIADA-ORIZ-AZZURRO.svg","contentUrl":"https:\/\/test.giadahotel.com\/wp-content\/uploads\/2018\/10\/LOGO-GIADA-ORIZ-AZZURRO.svg","width":1,"height":1,"caption":"Hotel Giada"},"image":{"@id":"https:\/\/test.giadahotel.com\/de\/#\/schema\/logo\/image\/"},"sameAs":["https:\/\/www.facebook.com\/HotelGiadaSM","https:\/\/www.instagram.com\/hotel_giada\/"]}]}},"_links":{"self":[{"href":"https:\/\/test.giadahotel.com\/de\/wp-json\/wp\/v2\/pages\/16199","targetHints":{"allow":["GET"]}}],"collection":[{"href":"https:\/\/test.giadahotel.com\/de\/wp-json\/wp\/v2\/pages"}],"about":[{"href":"https:\/\/test.giadahotel.com\/de\/wp-json\/wp\/v2\/types\/page"}],"author":[{"embeddable":true,"href":"https:\/\/test.giadahotel.com\/de\/wp-json\/wp\/v2\/users\/2"}],"replies":[{"embeddable":true,"href":"https:\/\/test.giadahotel.com\/de\/wp-json\/wp\/v2\/comments?post=16199"}],"version-history":[{"count":3,"href":"https:\/\/test.giadahotel.com\/de\/wp-json\/wp\/v2\/pages\/16199\/revisions"}],"predecessor-version":[{"id":16208,"href":"https:\/\/test.giadahotel.com\/de\/wp-json\/wp\/v2\/pages\/16199\/revisions\/16208"}],"wp:attachment":[{"href":"https:\/\/test.giadahotel.com\/de\/wp-json\/wp\/v2\/media?parent=16199"}],"curies":[{"name":"wp","href":"https:\/\/api.w.org\/{rel}","templated":true}]}}