{"id":16170,"date":"2018-09-27T18:44:51","date_gmt":"2018-09-27T18:44:51","guid":{"rendered":"https:\/\/test.giadahotel.com\/hotel-montesilvano-marina-camere-vista-mare\/"},"modified":"2026-02-23T10:27:03","modified_gmt":"2026-02-23T10:27:03","slug":"hotel-montesilvano-marina-zimmer-meerblick","status":"publish","type":"page","link":"https:\/\/test.giadahotel.com\/de\/hotel-montesilvano-marina-zimmer-meerblick\/","title":{"rendered":"Zimmer"},"content":{"rendered":"<div class=\"wpb-content-wrapper\"><p>[vc_row el_class=&#8221;milenia-body&#8211;scheme-lightbrown&#8221;][vc_column][vc_empty_space height=&#8221;50px&#8221;][vc_custom_heading text=&#8221;Unsere Zimmer&#8221; font_container=&#8221;tag:h3|text_align:left&#8221; use_theme_fonts=&#8221;yes&#8221; css=&#8221;&#8221;][vc_empty_space height=&#8221;30px&#8221;][vc_column_text css=&#8221;&#8221;]<\/p>\n<div class=\"Y3BBE\" data-sfc-cp=\"\" data-hveid=\"CAEIIxAA\" data-processed=\"true\"><strong class=\"Yjhzub\">Ihr Erwachen nur einen Schritt vom Meer entfernt<\/strong><br data-serialized-params=\"[]\" \/>Unsere k\u00fcrzlich renovierten Zimmer empfangen Sie in einem warmen, hellen Ambiente, in dem jedes Detail sorgf\u00e4ltig geplant wurde, um Ihnen ein H\u00f6chstma\u00df an Komfort und Ruhe zu bieten.<button class=\"rBl3me\" tabindex=\"0\" data-amic=\"true\" data-icl-uuid=\"97c1435c-3236-4bd1-9f11-a1430ab81dc0\" aria-label=\"Visualizza link correlati\" data-wiz-attrbind=\"disabled=HRXpbf_5t\/C5gNJc;aria-label=HRXpbf_5t\/bOjMyf;class=HRXpbf_5t\/UpSNec\" data-ved=\"2ahUKEwjHrPT8sO-SAxUs2QIHHczBPFEQye0OegYIAQgjEAE\"><\/button><\/div>\n<div class=\"Y3BBE\" data-sfc-cp=\"\" data-hveid=\"CAEIJBAA\" data-processed=\"true\">Ob Sie als Paar, mit der Familie oder mit Freunden reisen \u2013 bei uns finden Sie die perfekte L\u00f6sung. Unsere Zimmer bieten Platz f\u00fcr bis zu vier Personen. Wer mehr Platz und die n\u00f6tige Privatsph\u00e4re sucht, findet im Hotel City die gem\u00fctlichen\u00a0<strong class=\"Yjhzub\">Family-Zimmer<\/strong>\u00a0mit zwei getrennten Bereichen, ideal f\u00fcr f\u00fcnf Personen.<button class=\"rBl3me\" tabindex=\"0\" data-amic=\"true\" data-icl-uuid=\"469ca026-8714-4855-9b68-c314e9155e17\" aria-label=\"Visualizza link correlati\" data-wiz-attrbind=\"disabled=HRXpbf_5y\/C5gNJc;aria-label=HRXpbf_5y\/bOjMyf;class=HRXpbf_5y\/UpSNec\" data-ved=\"2ahUKEwjHrPT8sO-SAxUs2QIHHczBPFEQye0OegYIAQgkEAE\"><\/button><\/div>\n<div class=\"Y3BBE\" data-sfc-cp=\"\" data-hveid=\"CAEIJRAA\" data-processed=\"true\">F\u00fcr alle, die davon tr\u00e4umen, mit dem Blau des Meeres vor Augen aufzuwachen, bieten wir Zimmer mit\u00a0<strong class=\"Yjhzub\">seitlichem Meerblick<\/strong>, in denen jeder Tag mit einem emotionalen Horizont beginnt.<button class=\"rBl3me\" tabindex=\"0\" data-amic=\"true\" data-icl-uuid=\"6dd3fad1-da85-4f03-ae81-6ee55fe16492\" aria-label=\"Visualizza link correlati\" data-wiz-attrbind=\"disabled=HRXpbf_63\/C5gNJc;aria-label=HRXpbf_63\/bOjMyf;class=HRXpbf_63\/UpSNec\" data-ved=\"2ahUKEwjHrPT8sO-SAxUs2QIHHczBPFEQye0OegYIAQglEAE\"><\/button><\/div>\n<div class=\"Y3BBE\" data-sfc-cp=\"\" data-hveid=\"CAEIJhAA\" data-processed=\"true\">Was auch immer Ihr Wunsch sein mag, unser Team steht Ihnen jederzeit zur Seite, um Sie zu verw\u00f6hnen und Ihnen die verdiente Ruhe in einer entspannten und famili\u00e4ren Atmosph\u00e4re zu garantieren.<button class=\"rBl3me\" tabindex=\"0\" data-amic=\"true\" data-icl-uuid=\"cfbc94a1-9a78-4d1c-bc9f-7004b5a60166\" aria-label=\"Visualizza link correlati\" data-wiz-attrbind=\"disabled=HRXpbf_67\/C5gNJc;aria-label=HRXpbf_67\/bOjMyf;class=HRXpbf_67\/UpSNec\" data-ved=\"2ahUKEwjHrPT8sO-SAxUs2QIHHczBPFEQye0OegYIAQgmEAE\"><\/button><\/div>\n<div class=\"Y3BBE\" data-sfc-cp=\"\" data-hveid=\"CAEIJxAA\" data-processed=\"true\"><strong class=\"Yjhzub\" aria-owns=\"action-menu-parent-container\">Lassen Sie sich von den authentischen Abruzzen verzaubern. Buchen Sie Ihren Aufenthalt in Montesilvano Marina.<\/strong><\/div>\n<p>[\/vc_column_text][\/vc_column][\/vc_row][vc_row][vc_column][vc_empty_space][vc_custom_heading text=&#8221;Ausstattung&#8221; font_container=&#8221;tag:h3|text_align:left&#8221; use_theme_fonts=&#8221;yes&#8221; css=&#8221;&#8221;]<!--================ Icon Boxes ================-->\n<script>\n    (function($){\n        'use strict';\n\n        if(!$) return;\n\n        $(function(){\n            var $container = $('#vc-milenia-info-boxes-ed504b2e752855628c089c804c6958c5-177569647418776021');\n\n            if(!$container.length) return;\n\n            if(window.appear) {\n                appear({\n                    elements: function(){\n                        return document.querySelectorAll('#vc-milenia-info-boxes-ed504b2e752855628c089c804c6958c5-177569647418776021');\n                    },\n                    appear: function(element) {\n                        var $el = $(element);\n                        $el.addClass('milenia-visible').addClass($el.data('animation'));\n                    },\n                    reappear: false,\n                    bounds: -200\n                });\n            }\n\n            if(window.Milenia && window.Milenia.LinkUnderliner) {\n                window.Milenia.LinkUnderliner.init($container.find('a'));\n            }\n        });\n    })(window.jQuery);\n<\/script>\n\n<div id=\"vc-milenia-info-boxes-ed504b2e752855628c089c804c6958c5-177569647418776021\" class=\"milenia-icon-boxes milenia-icon-boxes--style-3 milenia-visible\" data-animation=\"none\">\n    <div class=\"milenia-grid milenia-grid--cols-4\">\n        <!--================ Icon Box ================-->\n<div class=\"milenia-grid-item\">\n    <article class=\"milenia-icon-box milenia-aligner\" style=\"color: #858585;\">\n        <div class=\"milenia-aligner-outer\">\n            <div class=\"milenia-aligner-inner\">\n                <span class=\"milenia-icon-box-icon milenia-font-icon-air-conditioner\"><\/span>\n\n                <div class=\"milenia-icon-box-content\">\n                    <h2 class=\"milenia-icon-box-title\" style=\"color: #1c1c1c;\">Klimaanlage<\/h2>\n                    \n                <\/div>\n            <\/div>\n        <\/div>\n\n        \n    <\/article>\n<\/div>\n<!--================ Icon Box ================-->\n\r\n<!--================ Icon Box ================-->\n<div class=\"milenia-grid-item\">\n    <article class=\"milenia-icon-box milenia-aligner\" style=\"color: #858585;\">\n        <div class=\"milenia-aligner-outer\">\n            <div class=\"milenia-aligner-inner\">\n                <span class=\"milenia-icon-box-icon milenia-font-icon-wi-fi\"><\/span>\n\n                <div class=\"milenia-icon-box-content\">\n                    <h2 class=\"milenia-icon-box-title\" style=\"color: #1c1c1c;\">Glasfaser-WLAN<\/h2>\n                    \n                <\/div>\n            <\/div>\n        <\/div>\n\n        \n    <\/article>\n<\/div>\n<!--================ Icon Box ================-->\n\r\n<!--================ Icon Box ================-->\n<div class=\"milenia-grid-item\">\n    <article class=\"milenia-icon-box milenia-aligner\" style=\"color: #858585;\">\n        <div class=\"milenia-aligner-outer\">\n            <div class=\"milenia-aligner-inner\">\n                <span class=\"milenia-icon-box-icon milenia-font-icon-phone\"><\/span>\n\n                <div class=\"milenia-icon-box-content\">\n                    <h2 class=\"milenia-icon-box-title\" style=\"color: #1c1c1c;\">Telefon<\/h2>\n                    \n                <\/div>\n            <\/div>\n        <\/div>\n\n        \n    <\/article>\n<\/div>\n<!--================ Icon Box ================-->\n\r\n<!--================ Icon Box ================-->\n<div class=\"milenia-grid-item\">\n    <article class=\"milenia-icon-box milenia-aligner\" style=\"color: #858585;\">\n        <div class=\"milenia-aligner-outer\">\n            <div class=\"milenia-aligner-inner\">\n                <span class=\"milenia-icon-box-icon milenia-font-icon-champagne\"><\/span>\n\n                <div class=\"milenia-icon-box-content\">\n                    <h2 class=\"milenia-icon-box-title\" style=\"color: #1c1c1c;\">Minibar<\/h2>\n                    \n                <\/div>\n            <\/div>\n        <\/div>\n\n        \n    <\/article>\n<\/div>\n<!--================ Icon Box ================-->\n\r\n<!--================ Icon Box ================-->\n<div class=\"milenia-grid-item\">\n    <article class=\"milenia-icon-box milenia-aligner\" style=\"color: #858585;\">\n        <div class=\"milenia-aligner-outer\">\n            <div class=\"milenia-aligner-inner\">\n                <span class=\"milenia-icon-box-icon milenia-font-icon-tv\"><\/span>\n\n                <div class=\"milenia-icon-box-content\">\n                    <h2 class=\"milenia-icon-box-title\" style=\"color: #1c1c1c;\">Smart TV<\/h2>\n                    \n                <\/div>\n            <\/div>\n        <\/div>\n\n        \n    <\/article>\n<\/div>\n<!--================ Icon Box ================-->\n\r\n<!--================ Icon Box ================-->\n<div class=\"milenia-grid-item\">\n    <article class=\"milenia-icon-box milenia-aligner\" style=\"color: #858585;\">\n        <div class=\"milenia-aligner-outer\">\n            <div class=\"milenia-aligner-inner\">\n                <span class=\"milenia-icon-box-icon milenia-font-icon-bathtub\"><\/span>\n\n                <div class=\"milenia-icon-box-content\">\n                    <h2 class=\"milenia-icon-box-title\" style=\"color: #1c1c1c;\">Badezimmer mit Badewanne oder Duschkabine<\/h2>\n                    \n                <\/div>\n            <\/div>\n        <\/div>\n\n        \n    <\/article>\n<\/div>\n<!--================ Icon Box ================-->\n\r\n<!--================ Icon Box ================-->\n<div class=\"milenia-grid-item\">\n    <article class=\"milenia-icon-box milenia-aligner\" style=\"color: #858585;\">\n        <div class=\"milenia-aligner-outer\">\n            <div class=\"milenia-aligner-inner\">\n                <span class=\"milenia-icon-box-icon milenia-font-icon-paper-pencil\"><\/span>\n\n                <div class=\"milenia-icon-box-content\">\n                    <h2 class=\"milenia-icon-box-title\" style=\"color: #1c1c1c;\">Schreibtisch<\/h2>\n                    \n                <\/div>\n            <\/div>\n        <\/div>\n\n        \n    <\/article>\n<\/div>\n<!--================ Icon Box ================-->\n\r\n<!--================ Icon Box ================-->\n<div class=\"milenia-grid-item\">\n    <article class=\"milenia-icon-box milenia-aligner\" style=\"color: #858585;\">\n        <div class=\"milenia-aligner-outer\">\n            <div class=\"milenia-aligner-inner\">\n                <span class=\"milenia-icon-box-icon milenia-font-icon-safe\"><\/span>\n\n                <div class=\"milenia-icon-box-content\">\n                    <h2 class=\"milenia-icon-box-title\" style=\"color: #1c1c1c;\">Safety Box<\/h2>\n                    \n                <\/div>\n            <\/div>\n        <\/div>\n\n        \n    <\/article>\n<\/div>\n<!--================ Icon Box ================-->\n\n    <\/div>\n<\/div>\n<!--================ Icon Boxes ================-->\n[\/vc_column][\/vc_row][vc_row][vc_column][vc_custom_heading text=&#8221;Unsere Zimmer, Ihr R\u00fcckzugsort am Meer&#8221; font_container=&#8221;tag:h3|text_align:left&#8221; use_theme_fonts=&#8221;yes&#8221; css=&#8221;&#8221;][vc_empty_space height=&#8221;20px&#8221;][vc_raw_html css=&#8221;&#8221;]JTVCZm9vZ2FsbGVyeSUyMGlkJTNEJTIyMTYwNDElMjIlNUQ=[\/vc_raw_html][\/vc_column][\/vc_row]<\/p>\n<\/div>","protected":false},"excerpt":{"rendered":"<p>[vc_row el_class=&#8221;milenia-body&#8211;scheme-lightbrown&#8221;][vc_column][vc_empty_space height=&#8221;50px&#8221;][vc_custom_heading text=&#8221;Unsere Zimmer&#8221; font_container=&#8221;tag:h3|text_align:left&#8221; use_theme_fonts=&#8221;yes&#8221; css=&#8221;&#8221;][vc_empty_space height=&#8221;30px&#8221;][vc_column_text css=&#8221;&#8221;] Ihr Erwachen nur einen Schritt vom Meer entferntUnsere&#8230;<\/p>\n","protected":false},"author":1,"featured_media":0,"parent":0,"menu_order":0,"comment_status":"closed","ping_status":"closed","template":"","meta":{"footnotes":""},"class_list":["post-16170","page","type-page","status-publish","hentry"],"yoast_head":"<!-- This site is optimized with the Yoast SEO plugin v27.2 - https:\/\/yoast.com\/product\/yoast-seo-wordpress\/ -->\n<title>Hotel Montesilvano Marina Zimmer mit Meerblick<\/title>\n<meta name=\"description\" content=\"Hotel Montesilvano Marina Zimmer mit Meerblick. Die Zimmer wurden k\u00fcrzlich renoviert und mit allem Komfort ausgestattet; unser Team steht Ihnen jederzeit gerne zur Verf\u00fcgung.\" \/>\n<meta name=\"robots\" content=\"noindex, follow, max-snippet:-1, max-image-preview:large, max-video-preview:-1\" \/>\n<meta property=\"og:locale\" content=\"de_DE\" \/>\n<meta property=\"og:type\" content=\"article\" \/>\n<meta property=\"og:title\" content=\"Hotel Montesilvano Marina Zimmer mit Meerblick\" \/>\n<meta property=\"og:description\" content=\"Hotel Montesilvano Marina Zimmer mit Meerblick. Die Zimmer wurden k\u00fcrzlich renoviert und mit allem Komfort ausgestattet; unser Team steht Ihnen jederzeit gerne zur Verf\u00fcgung.\" \/>\n<meta property=\"og:url\" content=\"https:\/\/test.giadahotel.com\/de\/hotel-montesilvano-marina-zimmer-meerblick\/\" \/>\n<meta property=\"og:site_name\" content=\"Hotel Giada\" \/>\n<meta property=\"article:publisher\" content=\"https:\/\/www.facebook.com\/HotelGiadaSM\" \/>\n<meta property=\"article:modified_time\" content=\"2026-02-23T10:27:03+00:00\" \/>\n<meta name=\"twitter:card\" content=\"summary_large_image\" \/>\n<meta name=\"twitter:label1\" content=\"Gesch\u00e4tzte Lesezeit\" \/>\n\t<meta name=\"twitter:data1\" content=\"2\u00a0Minuten\" \/>\n<script type=\"application\/ld+json\" class=\"yoast-schema-graph\">{\"@context\":\"https:\/\/schema.org\",\"@graph\":[{\"@type\":\"WebPage\",\"@id\":\"https:\/\/test.giadahotel.com\/de\/hotel-montesilvano-marina-zimmer-meerblick\/\",\"url\":\"https:\/\/test.giadahotel.com\/de\/hotel-montesilvano-marina-zimmer-meerblick\/\",\"name\":\"Hotel Montesilvano Marina Zimmer mit Meerblick\",\"isPartOf\":{\"@id\":\"https:\/\/test.giadahotel.com\/de\/#website\"},\"datePublished\":\"2018-09-27T18:44:51+00:00\",\"dateModified\":\"2026-02-23T10:27:03+00:00\",\"description\":\"Hotel Montesilvano Marina Zimmer mit Meerblick. Die Zimmer wurden k\u00fcrzlich renoviert und mit allem Komfort ausgestattet; unser Team steht Ihnen jederzeit gerne zur Verf\u00fcgung.\",\"breadcrumb\":{\"@id\":\"https:\/\/test.giadahotel.com\/de\/hotel-montesilvano-marina-zimmer-meerblick\/#breadcrumb\"},\"inLanguage\":\"de\",\"potentialAction\":[{\"@type\":\"ReadAction\",\"target\":[\"https:\/\/test.giadahotel.com\/de\/hotel-montesilvano-marina-zimmer-meerblick\/\"]}]},{\"@type\":\"BreadcrumbList\",\"@id\":\"https:\/\/test.giadahotel.com\/de\/hotel-montesilvano-marina-zimmer-meerblick\/#breadcrumb\",\"itemListElement\":[{\"@type\":\"ListItem\",\"position\":1,\"name\":\"Home\",\"item\":\"https:\/\/test.giadahotel.com\/de\/\"},{\"@type\":\"ListItem\",\"position\":2,\"name\":\"Zimmer\"}]},{\"@type\":\"WebSite\",\"@id\":\"https:\/\/test.giadahotel.com\/de\/#website\",\"url\":\"https:\/\/test.giadahotel.com\/de\/\",\"name\":\"Hotel Giada\",\"description\":\"La Tua Vacanza a Silvi Marina\",\"publisher\":{\"@id\":\"https:\/\/test.giadahotel.com\/de\/#organization\"},\"potentialAction\":[{\"@type\":\"SearchAction\",\"target\":{\"@type\":\"EntryPoint\",\"urlTemplate\":\"https:\/\/test.giadahotel.com\/de\/?s={search_term_string}\"},\"query-input\":{\"@type\":\"PropertyValueSpecification\",\"valueRequired\":true,\"valueName\":\"search_term_string\"}}],\"inLanguage\":\"de\"},{\"@type\":\"Organization\",\"@id\":\"https:\/\/test.giadahotel.com\/de\/#organization\",\"name\":\"Hotel Giada\",\"url\":\"https:\/\/test.giadahotel.com\/de\/\",\"logo\":{\"@type\":\"ImageObject\",\"inLanguage\":\"de\",\"@id\":\"https:\/\/test.giadahotel.com\/de\/#\/schema\/logo\/image\/\",\"url\":\"https:\/\/test.giadahotel.com\/wp-content\/uploads\/2018\/10\/LOGO-GIADA-ORIZ-AZZURRO.svg\",\"contentUrl\":\"https:\/\/test.giadahotel.com\/wp-content\/uploads\/2018\/10\/LOGO-GIADA-ORIZ-AZZURRO.svg\",\"width\":1,\"height\":1,\"caption\":\"Hotel Giada\"},\"image\":{\"@id\":\"https:\/\/test.giadahotel.com\/de\/#\/schema\/logo\/image\/\"},\"sameAs\":[\"https:\/\/www.facebook.com\/HotelGiadaSM\",\"https:\/\/www.instagram.com\/hotel_giada\/\"]}]}<\/script>\n<!-- \/ Yoast SEO plugin. -->","yoast_head_json":{"title":"Hotel Montesilvano Marina Zimmer mit Meerblick","description":"Hotel Montesilvano Marina Zimmer mit Meerblick. Die Zimmer wurden k\u00fcrzlich renoviert und mit allem Komfort ausgestattet; unser Team steht Ihnen jederzeit gerne zur Verf\u00fcgung.","robots":{"index":"noindex","follow":"follow","max-snippet":"max-snippet:-1","max-image-preview":"max-image-preview:large","max-video-preview":"max-video-preview:-1"},"og_locale":"de_DE","og_type":"article","og_title":"Hotel Montesilvano Marina Zimmer mit Meerblick","og_description":"Hotel Montesilvano Marina Zimmer mit Meerblick. Die Zimmer wurden k\u00fcrzlich renoviert und mit allem Komfort ausgestattet; unser Team steht Ihnen jederzeit gerne zur Verf\u00fcgung.","og_url":"https:\/\/test.giadahotel.com\/de\/hotel-montesilvano-marina-zimmer-meerblick\/","og_site_name":"Hotel Giada","article_publisher":"https:\/\/www.facebook.com\/HotelGiadaSM","article_modified_time":"2026-02-23T10:27:03+00:00","twitter_card":"summary_large_image","twitter_misc":{"Gesch\u00e4tzte Lesezeit":"2\u00a0Minuten"},"schema":{"@context":"https:\/\/schema.org","@graph":[{"@type":"WebPage","@id":"https:\/\/test.giadahotel.com\/de\/hotel-montesilvano-marina-zimmer-meerblick\/","url":"https:\/\/test.giadahotel.com\/de\/hotel-montesilvano-marina-zimmer-meerblick\/","name":"Hotel Montesilvano Marina Zimmer mit Meerblick","isPartOf":{"@id":"https:\/\/test.giadahotel.com\/de\/#website"},"datePublished":"2018-09-27T18:44:51+00:00","dateModified":"2026-02-23T10:27:03+00:00","description":"Hotel Montesilvano Marina Zimmer mit Meerblick. Die Zimmer wurden k\u00fcrzlich renoviert und mit allem Komfort ausgestattet; unser Team steht Ihnen jederzeit gerne zur Verf\u00fcgung.","breadcrumb":{"@id":"https:\/\/test.giadahotel.com\/de\/hotel-montesilvano-marina-zimmer-meerblick\/#breadcrumb"},"inLanguage":"de","potentialAction":[{"@type":"ReadAction","target":["https:\/\/test.giadahotel.com\/de\/hotel-montesilvano-marina-zimmer-meerblick\/"]}]},{"@type":"BreadcrumbList","@id":"https:\/\/test.giadahotel.com\/de\/hotel-montesilvano-marina-zimmer-meerblick\/#breadcrumb","itemListElement":[{"@type":"ListItem","position":1,"name":"Home","item":"https:\/\/test.giadahotel.com\/de\/"},{"@type":"ListItem","position":2,"name":"Zimmer"}]},{"@type":"WebSite","@id":"https:\/\/test.giadahotel.com\/de\/#website","url":"https:\/\/test.giadahotel.com\/de\/","name":"Hotel Giada","description":"La Tua Vacanza a Silvi Marina","publisher":{"@id":"https:\/\/test.giadahotel.com\/de\/#organization"},"potentialAction":[{"@type":"SearchAction","target":{"@type":"EntryPoint","urlTemplate":"https:\/\/test.giadahotel.com\/de\/?s={search_term_string}"},"query-input":{"@type":"PropertyValueSpecification","valueRequired":true,"valueName":"search_term_string"}}],"inLanguage":"de"},{"@type":"Organization","@id":"https:\/\/test.giadahotel.com\/de\/#organization","name":"Hotel Giada","url":"https:\/\/test.giadahotel.com\/de\/","logo":{"@type":"ImageObject","inLanguage":"de","@id":"https:\/\/test.giadahotel.com\/de\/#\/schema\/logo\/image\/","url":"https:\/\/test.giadahotel.com\/wp-content\/uploads\/2018\/10\/LOGO-GIADA-ORIZ-AZZURRO.svg","contentUrl":"https:\/\/test.giadahotel.com\/wp-content\/uploads\/2018\/10\/LOGO-GIADA-ORIZ-AZZURRO.svg","width":1,"height":1,"caption":"Hotel Giada"},"image":{"@id":"https:\/\/test.giadahotel.com\/de\/#\/schema\/logo\/image\/"},"sameAs":["https:\/\/www.facebook.com\/HotelGiadaSM","https:\/\/www.instagram.com\/hotel_giada\/"]}]}},"_links":{"self":[{"href":"https:\/\/test.giadahotel.com\/de\/wp-json\/wp\/v2\/pages\/16170","targetHints":{"allow":["GET"]}}],"collection":[{"href":"https:\/\/test.giadahotel.com\/de\/wp-json\/wp\/v2\/pages"}],"about":[{"href":"https:\/\/test.giadahotel.com\/de\/wp-json\/wp\/v2\/types\/page"}],"author":[{"embeddable":true,"href":"https:\/\/test.giadahotel.com\/de\/wp-json\/wp\/v2\/users\/1"}],"replies":[{"embeddable":true,"href":"https:\/\/test.giadahotel.com\/de\/wp-json\/wp\/v2\/comments?post=16170"}],"version-history":[{"count":2,"href":"https:\/\/test.giadahotel.com\/de\/wp-json\/wp\/v2\/pages\/16170\/revisions"}],"predecessor-version":[{"id":16178,"href":"https:\/\/test.giadahotel.com\/de\/wp-json\/wp\/v2\/pages\/16170\/revisions\/16178"}],"wp:attachment":[{"href":"https:\/\/test.giadahotel.com\/de\/wp-json\/wp\/v2\/media?parent=16170"}],"curies":[{"name":"wp","href":"https:\/\/api.w.org\/{rel}","templated":true}]}}